{"id":4914,"date":"2025-03-31T14:38:57","date_gmt":"2025-03-31T12:38:57","guid":{"rendered":"https:\/\/stage2023.symacon-ssg.de\/bosch-rexroth\/assembly-technology\/cable-duct-for-electrical-installations\/"},"modified":"2025-05-26T13:03:27","modified_gmt":"2025-05-26T11:03:27","slug":"cable-duct-for-electrical-installations","status":"publish","type":"page","link":"https:\/\/stage2023.symacon-ssg.de\/en\/bosch-rexroth\/assembly-technology\/cable-duct-for-electrical-installations\/","title":{"rendered":"Cable duct for electrical installations"},"content":{"rendered":"<h1>Cable duct for electrical installation<\/h1>\n<h1><span>Kabelkanal f\u00fcr Elektroinstallationen<\/span><\/h1>\n<div>Maintenance-friendly electrical installation with cable ducts from Bosch Rexroth.<\/div>\n<div>It is important to carry out the electrical installation correctly in order to localise and fix faults easily. The cable ducts from Bosch Rexroth enable cables to be installed easily and can be flexibly adapted to the existing space. Depending on your requirements, you can choose between cable ducts made of aluminium or plastic cable ducts.<\/div>\n<p><img decoding=\"async\" src=\"\/wp-content\/uploads\/2025\/03\/30141web.jpg\" alt=\"\"><\/p>\n<h2>Aluminium cable duct<\/h2>\n<ul>\n<li>\n<div>High-quality design thanks to the anodised surface of the duct and end cover<\/div>\n<\/li>\n<li>\n<div>Can be clipped or screwed onto aluminium profile as required<\/div>\n<\/li>\n<li>\n<div>Various cable duct sizes: 40\u00d740mm, 40\u00d780mm, 80\u00d740mm, 80\u00d780mm<\/div>\n<\/li>\n<li>\n<div>Installation of sockets, switches, etc. possible (mechanical processing)<\/div>\n<\/li>\n<li>\n<div>Modular design with T-piece, corner cable duct and cable glands<\/div>\n<\/li>\n<li>\n<div>ESD-conductive, VDE-certified and fulfils the DIN EN 50085-1, 50085-2-1 standards<\/div>\n<\/li>\n<\/ul>\n<h2>PVC cable duct<\/h2>\n<ul>\n<li>\n<div>Available in the colours signal grey and black (ESD-capable)<\/div>\n<\/li>\n<li>\n<div>Quick and easy to install by simply clipping onto the aluminium profile<\/div>\n<\/li>\n<li>\n<div>Cable duct sizes: 40\u00d720mm, 40\u00d740mm, 45\u00d745mm<\/div>\n<\/li>\n<li>\n<div>Plastic cover caps to close the cable duct<\/div>\n<\/li>\n<li>\n<div>Pre-formed cut-outs for cable entry<\/div>\n<\/li>\n<\/ul>\n<div>\n<p>    <img decoding=\"async\" src=\"\/wp-content\/uploads\/2025\/03\/icon-vorteile.png\" alt=\"\"><\/p>\n<div>Advantages of the installation element<\/div>\n<\/div>\n<ul>\n<li>\n<h3>Tidiness and safety<\/h3>\n<div>clean and safe cable routing prevents tripping hazards and damage.<\/div>\n<\/li>\n<li>\n<h3>Easy maintenance<\/h3>\n<div>Easy accessibility facilitates inspections and repairs.<\/div>\n<\/li>\n<li>\n<h3>Flexibility<\/h3>\n<div>Modular design allows customised adaptations to existing systems.<\/div>\n<\/li>\n<li>\n<h3>High-quality workmanship<\/h3>\n<div>Robust materials ensure a long service life and resistance.<\/div>\n<\/li>\n<li>\n<h3>Compliant with standards<\/h3>\n<div>fulfils all current safety and quality standards.<\/div>\n<\/li>\n<\/ul>\n<p><img decoding=\"async\" src=\"\/wp-content\/uploads\/2025\/03\/33877web.jpg\" alt=\"\"><\/p>\n<div>\n<p>    <img decoding=\"async\" src=\"\/wp-content\/uploads\/2025\/03\/icon-qualitaet.png\" alt=\"\"><\/p>\n<div>Quality<\/div>\n<\/div>\n<div>\n<p>The installation elements from Bosch Rexroth offer first-class processing and high load-bearing capacity. The anodised aluminium ducts and the robust PVC ducts guarantee a long service life in industrial environments. Thanks to the modular system, the cable ducts can be easily extended and adapted to specific requirements. Installation is particularly simple and time-saving thanks to the clip system or the screw connection options.<\/p>\n<p>With the high-quality cable ducts from Bosch Rexroth, you can ensure a safe, tidy and standard-compliant electrical installation in your company.<\/p>\n<\/div>\n<p><!--more--><br \/>\n<!-- {\"type\":\"layout\",\"children\":[{\"type\":\"section\",\"props\":{\"image_position\":\"center-center\",\"padding\":\"small\",\"style\":\"muted\",\"title_breakpoint\":\"xl\",\"title_position\":\"top-left\",\"title_rotation\":\"left\",\"vertical_align\":\"middle\",\"width\":\"default\"},\"children\":[{\"type\":\"row\",\"children\":[{\"type\":\"column\",\"props\":{\"image_position\":\"center-center\",\"position_sticky_breakpoint\":\"m\"},\"children\":[{\"type\":\"breadcrumbs\",\"props\":{\"show_current\":true,\"show_home\":true}}]}]}],\"name\":\"UmStr 1\"},{\"type\":\"section\",\"props\":{\"image_position\":\"center-center\",\"padding_remove_bottom\":true,\"style\":\"default\",\"title_breakpoint\":\"xl\",\"title_position\":\"top-left\",\"title_rotation\":\"left\",\"vertical_align\":\"middle\",\"width\":\"default\"},\"children\":[{\"type\":\"row\",\"children\":[{\"type\":\"column\",\"props\":{\"image_position\":\"center-center\",\"position_sticky_breakpoint\":\"m\"},\"children\":[{\"type\":\"headline\",\"props\":{\"content\":\"Cable duct for electrical installation\",\"text_align\":\"center\",\"title_color\":\"primary\",\"title_element\":\"h1\",\"title_style\":\"heading-small\",\"visibility\":\"m\"}},{\"type\":\"headline\",\"props\":{\"content\":\"<span>Kabelkanal f\\u00fcr Elektroinstallationen<\\\/span>\",\"text_align\":\"center\",\"title_color\":\"primary\",\"title_element\":\"h1\",\"title_style\":\"h1\",\"visibility\":\"hidden-m\"}}]}]}],\"name\":\"UmStr Headline\"},{\"type\":\"section\",\"props\":{\"image_position\":\"center-center\",\"style\":\"default\",\"title_breakpoint\":\"xl\",\"title_position\":\"top-left\",\"title_rotation\":\"left\",\"vertical_align\":\"middle\",\"width\":\"default\"},\"children\":[{\"type\":\"row\",\"props\":{\"layout\":\"2-5,3-5\"},\"children\":[{\"type\":\"column\",\"props\":{\"image_position\":\"center-center\",\"position_sticky_breakpoint\":\"m\",\"vertical_align\":\"middle\",\"width_medium\":\"2-5\"},\"children\":[{\"type\":\"headline\",\"props\":{\"content\":\"Maintenance-friendly electrical installation with cable ducts from Bosch Rexroth.\",\"title_element\":\"div\",\"title_style\":\"h4\"}},{\"type\":\"text\",\"props\":{\"column_breakpoint\":\"m\",\"content\":\"It is important to carry out the electrical installation correctly in order to localise and fix faults easily. The cable ducts from Bosch Rexroth enable cables to be installed easily and can be flexibly adapted to the existing space. Depending on your requirements, you can choose between cable ducts made of aluminium or plastic cable ducts.\",\"margin\":\"default\"}}]},{\"type\":\"column\",\"props\":{\"image_position\":\"center-center\",\"position_sticky_breakpoint\":\"m\",\"width_medium\":\"3-5\"},\"children\":[{\"type\":\"image\",\"props\":{\"image\":\"wp-content\\\/uploads\\\/2025\\\/03\\\/30141web.jpg\",\"image_loading\":true,\"image_svg_color\":\"emphasis\",\"image_width\":1100,\"margin\":\"default\"}}]}]}],\"name\":\"UmStr Intro\"},{\"type\":\"section\",\"props\":{\"image_position\":\"center-center\",\"style\":\"muted\",\"title_breakpoint\":\"xl\",\"title_position\":\"top-left\",\"title_rotation\":\"left\",\"vertical_align\":\"middle\",\"width\":\"default\"},\"children\":[{\"type\":\"row\",\"props\":{\"layout\":\"1-2,1-2\"},\"children\":[{\"type\":\"column\",\"props\":{\"image_position\":\"center-center\",\"position_sticky_breakpoint\":\"m\",\"style\":\"tile-default\",\"width_medium\":\"1-2\"},\"children\":[{\"type\":\"headline\",\"props\":{\"content\":\"Aluminium cable duct\",\"title_color\":\"primary\",\"title_element\":\"h2\"}},{\"name\":\"List Marker Icon\",\"type\":\"list\",\"children\":[{\"type\":\"list_item\",\"props\":{\"content\":\"High-quality design thanks to the anodised surface of the duct and end cover\",\"icon\":\"\",\"image\":\"\"}},{\"type\":\"list_item\",\"props\":{\"content\":\"Can be clipped or screwed onto aluminium profile as required\",\"icon\":\"\",\"image\":\"\"}},{\"type\":\"list_item\",\"props\":{\"content\":\"Various cable duct sizes: 40\\u00d740mm, 40\\u00d780mm, 80\\u00d740mm, 80\\u00d780mm\",\"icon\":\"\",\"image\":\"\"}},{\"type\":\"list_item\",\"props\":{\"content\":\"Installation of sockets, switches, etc. possible (mechanical processing)\",\"icon\":\"\",\"image\":\"\"}},{\"type\":\"list_item\",\"props\":{\"content\":\"Modular design with T-piece, corner cable duct and cable glands\",\"icon\":\"\",\"image\":\"\"}},{\"type\":\"list_item\",\"props\":{\"content\":\"ESD-conductive, VDE-certified and fulfils the DIN EN 50085-1, 50085-2-1 standards\",\"icon\":\"\",\"image\":\"\"}}],\"props\":{\"column_breakpoint\":\"m\",\"icon\":\"check\",\"icon_color\":\"primary\",\"image_align\":\"left\",\"image_svg_color\":\"emphasis\",\"image_vertical_align\":true,\"list_element\":\"ul\",\"list_horizontal_separator\":\", \",\"list_type\":\"vertical\",\"margin\":\"default\",\"show_image\":true,\"show_link\":true}}]},{\"type\":\"column\",\"props\":{\"image_position\":\"center-center\",\"position_sticky_breakpoint\":\"m\",\"style\":\"tile-default\",\"width_medium\":\"1-2\"},\"children\":[{\"type\":\"headline\",\"props\":{\"content\":\"PVC cable duct\",\"title_color\":\"primary\",\"title_element\":\"h2\"}},{\"name\":\"List Marker Icon\",\"type\":\"list\",\"children\":[{\"type\":\"list_item\",\"props\":{\"content\":\"Available in the colours signal grey and black (ESD-capable)\",\"icon\":\"\",\"image\":\"\"}},{\"type\":\"list_item\",\"props\":{\"content\":\"Quick and easy to install by simply clipping onto the aluminium profile\",\"icon\":\"\",\"image\":\"\"}},{\"type\":\"list_item\",\"props\":{\"content\":\"Cable duct sizes: 40\\u00d720mm, 40\\u00d740mm, 45\\u00d745mm\",\"icon\":\"\",\"image\":\"\"}},{\"type\":\"list_item\",\"props\":{\"content\":\"Plastic cover caps to close the cable duct\",\"icon\":\"\",\"image\":\"\"}},{\"type\":\"list_item\",\"props\":{\"content\":\"Pre-formed cut-outs for cable entry\",\"icon\":\"\",\"image\":\"\"}}],\"props\":{\"column_breakpoint\":\"m\",\"icon\":\"check\",\"icon_color\":\"primary\",\"image_align\":\"left\",\"image_svg_color\":\"emphasis\",\"image_vertical_align\":true,\"list_element\":\"ul\",\"list_horizontal_separator\":\", \",\"list_type\":\"vertical\",\"margin\":\"default\",\"show_image\":true,\"show_link\":true}}]}]}],\"name\":\"UmStr Bereiche\"},{\"type\":\"section\",\"props\":{\"id\":\"Vorteile\",\"image_position\":\"center-center\",\"style\":\"default\",\"title_breakpoint\":\"xl\",\"title_position\":\"top-left\",\"title_rotation\":\"left\",\"vertical_align\":\"middle\",\"width\":\"default\"},\"children\":[{\"type\":\"row\",\"children\":[{\"type\":\"column\",\"props\":{\"image_position\":\"center-center\",\"position_sticky_breakpoint\":\"m\"},\"children\":[{\"type\":\"list\",\"props\":{\"column_breakpoint\":\"m\",\"content_style\":\"h3\",\"image_align\":\"left\",\"image_height\":40,\"image_svg_color\":\"emphasis\",\"image_vertical_align\":true,\"image_width\":40,\"list_element\":\"ul\",\"list_horizontal_separator\":\", \",\"list_type\":\"vertical\",\"margin\":\"medium\",\"show_image\":true,\"show_link\":true},\"children\":[{\"type\":\"list_item\",\"props\":{\"content\":\"Advantages of the installation element\",\"image\":\"wp-content\\\/uploads\\\/2025\\\/03\\\/icon-vorteile.png\"}}]},{\"type\":\"grid\",\"props\":{\"content_column_breakpoint\":\"m\",\"filter_align\":\"left\",\"filter_all\":true,\"filter_grid_breakpoint\":\"m\",\"filter_grid_width\":\"auto\",\"filter_position\":\"top\",\"filter_style\":\"tab\",\"grid_column_gap\":\"small\",\"grid_default\":\"1\",\"grid_divider\":false,\"grid_medium\":\"3\",\"grid_row_gap\":\"small\",\"icon_width\":80,\"image_align\":\"top\",\"image_grid_breakpoint\":\"m\",\"image_grid_width\":\"1-2\",\"image_svg_color\":\"emphasis\",\"item_animation\":true,\"lightbox_bg_close\":true,\"link_style\":\"default\",\"link_text\":\"Read more\",\"margin\":\"default\",\"meta_align\":\"below-title\",\"meta_element\":\"div\",\"meta_style\":\"text-meta\",\"panel_padding\":\"default\",\"panel_style\":\"card-default\",\"show_content\":true,\"show_hover_image\":true,\"show_hover_video\":true,\"show_image\":true,\"show_link\":true,\"show_meta\":true,\"show_title\":true,\"show_video\":true,\"title_align\":\"top\",\"title_element\":\"h3\",\"title_grid_breakpoint\":\"m\",\"title_grid_width\":\"1-2\",\"title_hover_style\":\"reset\",\"title_style\":\"h4\"},\"children\":[{\"type\":\"grid_item\",\"props\":{\"content\":\"clean and safe cable routing prevents tripping hazards and damage.\",\"title\":\"Tidiness and safety\"}},{\"type\":\"grid_item\",\"props\":{\"content\":\"Easy accessibility facilitates inspections and repairs.\",\"title\":\"Easy maintenance\"}},{\"type\":\"grid_item\",\"props\":{\"content\":\"Modular design allows customised adaptations to existing systems.\",\"title\":\"Flexibility\"}},{\"type\":\"grid_item\",\"props\":{\"content\":\"Robust materials ensure a long service life and resistance.\",\"title\":\"High-quality workmanship\"}},{\"type\":\"grid_item\",\"props\":{\"content\":\"fulfils all current safety and quality standards.\",\"title\":\"Compliant with standards\"}}]}]}]}],\"name\":\"UmStr 5\"},{\"type\":\"section\",\"props\":{\"id\":\"Qualitaet\",\"image_position\":\"center-center\",\"style\":\"default\",\"title_breakpoint\":\"xl\",\"title_position\":\"top-left\",\"title_rotation\":\"left\",\"vertical_align\":\"middle\",\"width\":\"default\"},\"children\":[{\"type\":\"row\",\"props\":{\"layout\":\"1-2,1-2\"},\"children\":[{\"type\":\"column\",\"props\":{\"image_position\":\"center-center\",\"position_sticky_breakpoint\":\"m\",\"width_medium\":\"1-2\"},\"children\":[{\"type\":\"image\",\"props\":{\"image\":\"wp-content\\\/uploads\\\/2025\\\/03\\\/33877web.jpg\",\"image_loading\":true,\"image_svg_color\":\"emphasis\",\"margin\":\"default\"}}]},{\"type\":\"column\",\"props\":{\"image_position\":\"center-center\",\"position_sticky_breakpoint\":\"m\",\"vertical_align\":\"middle\",\"width_medium\":\"1-2\"},\"children\":[{\"type\":\"list\",\"props\":{\"column_breakpoint\":\"m\",\"content_style\":\"h3\",\"image_align\":\"left\",\"image_height\":40,\"image_svg_color\":\"emphasis\",\"image_vertical_align\":true,\"image_width\":40,\"list_element\":\"ul\",\"list_horizontal_separator\":\", \",\"list_type\":\"vertical\",\"margin\":\"default\",\"show_image\":true,\"show_link\":true},\"children\":[{\"type\":\"list_item\",\"props\":{\"content\":\"Quality\",\"image\":\"wp-content\\\/uploads\\\/2025\\\/03\\\/icon-qualitaet.png\"}}]},{\"type\":\"text\",\"props\":{\"column_breakpoint\":\"m\",\"content\":\"\n\n<p>The installation elements from Bosch Rexroth offer first-class processing and high load-bearing capacity. The anodised aluminium ducts and the robust PVC ducts guarantee a long service life in industrial environments. Thanks to the modular system, the cable ducts can be easily extended and adapted to specific requirements. Installation is particularly simple and time-saving thanks to the clip system or the screw connection options.<\\\/p>\\n\n\n<p>With the high-quality cable ducts from Bosch Rexroth, you can ensure a safe, tidy and standard-compliant electrical installation in your company.<\\\/p>\",\"margin\":\"default\"}}]}]}],\"name\":\"UmStr 7\"}],\"version\":\"4.5.7\"} --><\/p>\n","protected":false},"excerpt":{"rendered":"<p>Cable duct for electrical installation Kabelkanal f\u00fcr Elektroinstallationen Maintenance-friendly electrical installation with cable ducts from Bosch Rexroth. It is important to carry out the electrical installation correctly in order to localise and fix faults easily. The cable ducts from Bosch Rexroth enable cables to be installed easily and can be flexibly adapted to the existing [&hellip;]<\/p>\n","protected":false},"author":3,"featured_media":0,"parent":2773,"menu_order":0,"comment_status":"closed","ping_status":"closed","template":"","meta":{"footnotes":""},"class_list":["post-4914","page","type-page","status-publish","hentry"],"yoast_head":"<!-- This site is optimized with the Yoast SEO plugin v27.2 - https:\/\/yoast.com\/product\/yoast-seo-wordpress\/ -->\n<title>Cable duct for safe electrical installations \u27a1\ufe0f SSG<\/title>\n<meta name=\"description\" content=\"Cable ducts for electrical installations \u2699\ufe0f - protect &amp; organize your cabling with products from the Bosch Rexroth modular system.\" \/>\n<meta name=\"robots\" content=\"noindex, follow, max-snippet:-1, max-image-preview:large, max-video-preview:-1\" \/>\n<meta property=\"og:locale\" content=\"en_US\" \/>\n<meta property=\"og:type\" content=\"article\" \/>\n<meta property=\"og:title\" content=\"Cable duct for safe electrical installations \u27a1\ufe0f SSG\" \/>\n<meta property=\"og:description\" content=\"Cable ducts for electrical installations \u2699\ufe0f - protect &amp; organize your cabling with products from the Bosch Rexroth modular system.\" \/>\n<meta property=\"og:url\" content=\"https:\/\/stage2023.symacon-ssg.de\/bosch-rexroth-ssg\/montagetechnik\/kabelkanal-fuer-elektroinstallationen\/\" \/>\n<meta property=\"og:site_name\" content=\"SSG\" \/>\n<meta property=\"article:publisher\" content=\"https:\/\/www.facebook.com\/Symacon\" \/>\n<meta property=\"article:modified_time\" content=\"2025-05-26T11:03:27+00:00\" \/>\n<meta name=\"twitter:card\" content=\"summary_large_image\" \/>\n<meta name=\"twitter:label1\" content=\"Est. reading time\" \/>\n\t<meta name=\"twitter:data1\" content=\"2 minutes\" \/>\n<script type=\"application\/ld+json\" class=\"yoast-schema-graph\">{\"@context\":\"https:\/\/schema.org\",\"@graph\":[{\"@type\":\"WebPage\",\"@id\":\"https:\/\/stage2023.symacon-ssg.de\/bosch-rexroth-ssg\/montagetechnik\/kabelkanal-fuer-elektroinstallationen\/\",\"url\":\"https:\/\/stage2023.symacon-ssg.de\/bosch-rexroth-ssg\/montagetechnik\/kabelkanal-fuer-elektroinstallationen\/\",\"name\":\"Cable duct for safe electrical installations \u27a1\ufe0f SSG\",\"isPartOf\":{\"@id\":\"https:\/\/stage2023.symacon-ssg.de\/#website\"},\"datePublished\":\"2025-03-31T12:38:57+00:00\",\"dateModified\":\"2025-05-26T11:03:27+00:00\",\"description\":\"Cable ducts for electrical installations \u2699\ufe0f - protect & organize your cabling with products from the Bosch Rexroth modular system.\",\"breadcrumb\":{\"@id\":\"https:\/\/stage2023.symacon-ssg.de\/bosch-rexroth-ssg\/montagetechnik\/kabelkanal-fuer-elektroinstallationen\/#breadcrumb\"},\"inLanguage\":\"en-US\",\"potentialAction\":[{\"@type\":\"ReadAction\",\"target\":[\"https:\/\/stage2023.symacon-ssg.de\/bosch-rexroth-ssg\/montagetechnik\/kabelkanal-fuer-elektroinstallationen\/\"]}]},{\"@type\":\"BreadcrumbList\",\"@id\":\"https:\/\/stage2023.symacon-ssg.de\/bosch-rexroth-ssg\/montagetechnik\/kabelkanal-fuer-elektroinstallationen\/#breadcrumb\",\"itemListElement\":[{\"@type\":\"ListItem\",\"position\":1,\"name\":\"Startseite\",\"item\":\"https:\/\/stage2023.symacon-ssg.de\/en\/\"},{\"@type\":\"ListItem\",\"position\":2,\"name\":\"Bosch Rexroth\",\"item\":\"https:\/\/stage2023.symacon-ssg.de\/bosch-rexroth-ssg\/\"},{\"@type\":\"ListItem\",\"position\":3,\"name\":\"Assembly technology\",\"item\":\"https:\/\/stage2023.symacon-ssg.de\/bosch-rexroth-ssg\/montagetechnik\/\"},{\"@type\":\"ListItem\",\"position\":4,\"name\":\"Cable duct for electrical installations\"}]},{\"@type\":\"WebSite\",\"@id\":\"https:\/\/stage2023.symacon-ssg.de\/#website\",\"url\":\"https:\/\/stage2023.symacon-ssg.de\/\",\"name\":\"SYMACON SSG\",\"description\":\"Willkommen auf der Website der SSG\",\"publisher\":{\"@id\":\"https:\/\/stage2023.symacon-ssg.de\/#organization\"},\"potentialAction\":[{\"@type\":\"SearchAction\",\"target\":{\"@type\":\"EntryPoint\",\"urlTemplate\":\"https:\/\/stage2023.symacon-ssg.de\/?s={search_term_string}\"},\"query-input\":{\"@type\":\"PropertyValueSpecification\",\"valueRequired\":true,\"valueName\":\"search_term_string\"}}],\"inLanguage\":\"en-US\"},{\"@type\":\"Organization\",\"@id\":\"https:\/\/stage2023.symacon-ssg.de\/#organization\",\"name\":\"SYMACON System + Service GmbH\",\"url\":\"https:\/\/stage2023.symacon-ssg.de\/\",\"logo\":{\"@type\":\"ImageObject\",\"inLanguage\":\"en-US\",\"@id\":\"https:\/\/stage2023.symacon-ssg.de\/#\/schema\/logo\/image\/\",\"url\":\"https:\/\/stage2023.symacon-ssg.de\/wp-content\/uploads\/2022\/08\/logo-ssg-symacon.png\",\"contentUrl\":\"https:\/\/stage2023.symacon-ssg.de\/wp-content\/uploads\/2022\/08\/logo-ssg-symacon.png\",\"width\":804,\"height\":451,\"caption\":\"SYMACON System + Service GmbH\"},\"image\":{\"@id\":\"https:\/\/stage2023.symacon-ssg.de\/#\/schema\/logo\/image\/\"},\"sameAs\":[\"https:\/\/www.facebook.com\/Symacon\"]}]}<\/script>\n<!-- \/ Yoast SEO plugin. -->","yoast_head_json":{"title":"Cable duct for safe electrical installations \u27a1\ufe0f SSG","description":"Cable ducts for electrical installations \u2699\ufe0f - protect & organize your cabling with products from the Bosch Rexroth modular system.","robots":{"index":"noindex","follow":"follow","max-snippet":"max-snippet:-1","max-image-preview":"max-image-preview:large","max-video-preview":"max-video-preview:-1"},"og_locale":"en_US","og_type":"article","og_title":"Cable duct for safe electrical installations \u27a1\ufe0f SSG","og_description":"Cable ducts for electrical installations \u2699\ufe0f - protect & organize your cabling with products from the Bosch Rexroth modular system.","og_url":"https:\/\/stage2023.symacon-ssg.de\/bosch-rexroth-ssg\/montagetechnik\/kabelkanal-fuer-elektroinstallationen\/","og_site_name":"SSG","article_publisher":"https:\/\/www.facebook.com\/Symacon","article_modified_time":"2025-05-26T11:03:27+00:00","twitter_card":"summary_large_image","twitter_misc":{"Est. reading time":"2 minutes"},"schema":{"@context":"https:\/\/schema.org","@graph":[{"@type":"WebPage","@id":"https:\/\/stage2023.symacon-ssg.de\/bosch-rexroth-ssg\/montagetechnik\/kabelkanal-fuer-elektroinstallationen\/","url":"https:\/\/stage2023.symacon-ssg.de\/bosch-rexroth-ssg\/montagetechnik\/kabelkanal-fuer-elektroinstallationen\/","name":"Cable duct for safe electrical installations \u27a1\ufe0f SSG","isPartOf":{"@id":"https:\/\/stage2023.symacon-ssg.de\/#website"},"datePublished":"2025-03-31T12:38:57+00:00","dateModified":"2025-05-26T11:03:27+00:00","description":"Cable ducts for electrical installations \u2699\ufe0f - protect & organize your cabling with products from the Bosch Rexroth modular system.","breadcrumb":{"@id":"https:\/\/stage2023.symacon-ssg.de\/bosch-rexroth-ssg\/montagetechnik\/kabelkanal-fuer-elektroinstallationen\/#breadcrumb"},"inLanguage":"en-US","potentialAction":[{"@type":"ReadAction","target":["https:\/\/stage2023.symacon-ssg.de\/bosch-rexroth-ssg\/montagetechnik\/kabelkanal-fuer-elektroinstallationen\/"]}]},{"@type":"BreadcrumbList","@id":"https:\/\/stage2023.symacon-ssg.de\/bosch-rexroth-ssg\/montagetechnik\/kabelkanal-fuer-elektroinstallationen\/#breadcrumb","itemListElement":[{"@type":"ListItem","position":1,"name":"Startseite","item":"https:\/\/stage2023.symacon-ssg.de\/en\/"},{"@type":"ListItem","position":2,"name":"Bosch Rexroth","item":"https:\/\/stage2023.symacon-ssg.de\/bosch-rexroth-ssg\/"},{"@type":"ListItem","position":3,"name":"Assembly technology","item":"https:\/\/stage2023.symacon-ssg.de\/bosch-rexroth-ssg\/montagetechnik\/"},{"@type":"ListItem","position":4,"name":"Cable duct for electrical installations"}]},{"@type":"WebSite","@id":"https:\/\/stage2023.symacon-ssg.de\/#website","url":"https:\/\/stage2023.symacon-ssg.de\/","name":"SYMACON SSG","description":"Willkommen auf der Website der SSG","publisher":{"@id":"https:\/\/stage2023.symacon-ssg.de\/#organization"},"potentialAction":[{"@type":"SearchAction","target":{"@type":"EntryPoint","urlTemplate":"https:\/\/stage2023.symacon-ssg.de\/?s={search_term_string}"},"query-input":{"@type":"PropertyValueSpecification","valueRequired":true,"valueName":"search_term_string"}}],"inLanguage":"en-US"},{"@type":"Organization","@id":"https:\/\/stage2023.symacon-ssg.de\/#organization","name":"SYMACON System + Service GmbH","url":"https:\/\/stage2023.symacon-ssg.de\/","logo":{"@type":"ImageObject","inLanguage":"en-US","@id":"https:\/\/stage2023.symacon-ssg.de\/#\/schema\/logo\/image\/","url":"https:\/\/stage2023.symacon-ssg.de\/wp-content\/uploads\/2022\/08\/logo-ssg-symacon.png","contentUrl":"https:\/\/stage2023.symacon-ssg.de\/wp-content\/uploads\/2022\/08\/logo-ssg-symacon.png","width":804,"height":451,"caption":"SYMACON System + Service GmbH"},"image":{"@id":"https:\/\/stage2023.symacon-ssg.de\/#\/schema\/logo\/image\/"},"sameAs":["https:\/\/www.facebook.com\/Symacon"]}]}},"_links":{"self":[{"href":"https:\/\/stage2023.symacon-ssg.de\/en\/wp-json\/wp\/v2\/pages\/4914","targetHints":{"allow":["GET"]}}],"collection":[{"href":"https:\/\/stage2023.symacon-ssg.de\/en\/wp-json\/wp\/v2\/pages"}],"about":[{"href":"https:\/\/stage2023.symacon-ssg.de\/en\/wp-json\/wp\/v2\/types\/page"}],"author":[{"embeddable":true,"href":"https:\/\/stage2023.symacon-ssg.de\/en\/wp-json\/wp\/v2\/users\/3"}],"replies":[{"embeddable":true,"href":"https:\/\/stage2023.symacon-ssg.de\/en\/wp-json\/wp\/v2\/comments?post=4914"}],"version-history":[{"count":6,"href":"https:\/\/stage2023.symacon-ssg.de\/en\/wp-json\/wp\/v2\/pages\/4914\/revisions"}],"predecessor-version":[{"id":4920,"href":"https:\/\/stage2023.symacon-ssg.de\/en\/wp-json\/wp\/v2\/pages\/4914\/revisions\/4920"}],"up":[{"embeddable":true,"href":"https:\/\/stage2023.symacon-ssg.de\/en\/wp-json\/wp\/v2\/pages\/2773"}],"wp:attachment":[{"href":"https:\/\/stage2023.symacon-ssg.de\/en\/wp-json\/wp\/v2\/media?parent=4914"}],"curies":[{"name":"wp","href":"https:\/\/api.w.org\/{rel}","templated":true}]}}