{"id":2653,"date":"2022-08-18T13:38:08","date_gmt":"2022-08-18T11:38:08","guid":{"rendered":"https:\/\/symacon-ssg.de\/company\/"},"modified":"2023-08-07T10:58:18","modified_gmt":"2023-08-07T08:58:18","slug":"company","status":"publish","type":"page","link":"https:\/\/stage2023.symacon-ssg.de\/en\/company\/","title":{"rendered":"Company"},"content":{"rendered":"<p><img decoding=\"async\" src=\"\/wp-content\/uploads\/2023\/01\/head-unternehmen3.jpg\" alt=\"Symacon SSG Logo\"><\/p>\n<h1>Company<\/h1>\n<div>\n<p><span data-contrast=\"auto\">Symacon System + Service GmbH is a reliable partner for the development of special solutions in the field of mechanical engineering, automation, and logistics.<\/span><\/p>\n<p><span data-contrast=\"auto\">As a Certified Excellence distribution, system and service partner of Bosch Rexroth Factory Automation, we can support our customers in optimizing production processes at short notice and with good solutions.\u00a0<\/span><\/p>\n<\/div>\n<ul>\n<li>\n<p>        <img decoding=\"async\" src=\"\/wp-content\/uploads\/2022\/08\/SSG-Juli-2022-80-scaled.jpg\" alt=\"Mitarbeiter der Symacon bei der Arbeit\"><\/p>\n<h2>About us<\/h2>\n<p>Aluminiumprofile und Verbindungselemente f\u00fcr jedes System<\/p>\n<div>\n<p><span class=\"NormalTextRun SCXW40776648 BCX8\">Wir unterst\u00fctzen Sie<span>\u00a0<\/span><\/span><span class=\"NormalTextRun SCXW40776648 BCX8\">bei der Gestaltung einer effizienten Arbeitsumgebung<\/span><span class=\"NormalTextRun SCXW40776648 BCX8\"><span>\u00a0<\/span>mit individuell<span>\u00a0<\/span><\/span><span class=\"NormalTextRun SCXW40776648 BCX8\">auf Ihre Zwecke zugeschnittene L\u00f6sungen.<\/span><\/p>\n<\/div>\n<p><a href=\"https:\/\/stage2023.symacon-ssg.de\/unternehmen\/ueber-uns\/\"><\/a><\/p>\n<\/li>\n<li>\n<p>        <img decoding=\"async\" src=\"\/wp-content\/uploads\/2022\/08\/SSG-Juli-2022-18-scaled.jpg\" alt=\"Profilbild eines Mannes\"><\/p>\n<h2>Contact persons<\/h2>\n<p>F\u00f6rdersysteme und Transfertechnik<\/p>\n<div>\n<p>Sie greifen auf jahrzehntelange Erfahrung bei der Verkettung von Arbeitspl\u00e4tzen, Stationen mit Transfer- und F\u00f6rdersysteme von BOSCH Rexroth zur\u00fcck.\u00a0<\/p>\n<p>Transfersystem: TS1, TS2plus, TS5,\u00a0TS7<br \/>Kettenf\u00f6rdersystem VarioFlow plus<\/p>\n<\/div>\n<p><a href=\"https:\/\/stage2023.symacon-ssg.de\/unternehmen\/ansprechpartner\/\"><\/a><\/p>\n<\/li>\n<li>\n<p>        <img decoding=\"async\" src=\"\/wp-content\/uploads\/photo-1555371363-27a37f8e8c46-scaled.jpg\" alt=\"Ein Laptop mit Kartenansicht\"><\/p>\n<h2>How to find us<\/h2>\n<p><a href=\"https:\/\/stage2023.symacon-ssg.de\/unternehmen\/anfahrt\/\"><\/a><\/p>\n<\/li>\n<li>\n<p>        <img decoding=\"async\" src=\"\/wp-content\/uploads\/2022\/10\/SSG-September-2022-143-scaled.jpg\" alt=\"Ein SSG Mitarbeiter bl\u00e4ttert durch ein Buch\"><\/p>\n<h2>Career<\/h2>\n<p><a href=\"https:\/\/stage2023.symacon-ssg.de\/unternehmen\/karriere\/\"><\/a><\/p>\n<\/li>\n<li>\n<p>        <img decoding=\"async\" src=\"\/wp-content\/uploads\/photo-1544725121-be3bf52e2dc8-scaled.jpg\" alt=\"Zwei M\u00e4nner im Gespr\u00e4ch\"><\/p>\n<h2>Partners &#038; References<\/h2>\n<p><a href=\"https:\/\/stage2023.symacon-ssg.de\/unternehmen\/referenzen\/\"><\/a><\/p>\n<\/li>\n<\/ul>\n<p><!--more--><br \/>\n<!-- {\"type\":\"layout\",\"children\":[{\"name\":\"Hero Image\",\"type\":\"section\",\"props\":{\"css\":\".el-section> [class*='uk-background-'] {\\n    min-height: 40vh;\\n}\",\"image_position\":\"center-center\",\"padding\":\"none\",\"style\":\"default\",\"title_breakpoint\":\"xl\",\"title_position\":\"top-left\",\"title_rotation\":\"left\",\"vertical_align\":\"middle\",\"width\":\"\"},\"children\":[{\"type\":\"row\",\"children\":[{\"type\":\"column\",\"props\":{\"image_position\":\"center-center\",\"position_sticky_breakpoint\":\"m\",\"width_medium\":\"1-1\"},\"children\":[{\"type\":\"image\",\"props\":{\"image\":\"wp-content\\\/uploads\\\/2023\\\/01\\\/head-unternehmen3.jpg\",\"image_alt\":\"Symacon SSG Logo\",\"image_height\":\"800\",\"image_loading\":true,\"image_svg_color\":\"emphasis\",\"image_width\":\"2560\",\"margin\":\"default\"}}]}]}]},{\"type\":\"section\",\"props\":{\"image_position\":\"center-center\",\"padding\":\"large\",\"style\":\"default\",\"title_breakpoint\":\"xl\",\"title_position\":\"top-left\",\"title_rotation\":\"left\",\"vertical_align\":\"middle\",\"width\":\"default\"},\"children\":[{\"type\":\"row\",\"children\":[{\"type\":\"column\",\"props\":{\"image_position\":\"center-center\",\"position_sticky_breakpoint\":\"m\"},\"children\":[{\"type\":\"headline\",\"props\":{\"block_align\":\"center\",\"content\":\"Company\",\"maxwidth\":\"medium\",\"text_align\":\"center\",\"title_color\":\"primary\",\"title_element\":\"h1\",\"title_font_family\":\"primary\",\"title_style\":\"h1\"}},{\"type\":\"text\",\"props\":{\"block_align\":\"center\",\"column_breakpoint\":\"m\",\"content\":\"\n\n<p><span data-contrast=\\\"auto\\\">Symacon System + Service GmbH is a reliable partner for the development of special solutions in the field of mechanical engineering, automation, and logistics.<\\\/span><\\\/p>\\n\n\n<p><span data-contrast=\\\"auto\\\">As a Certified Excellence distribution, system and service partner of Bosch Rexroth Factory Automation, we can support our customers in optimizing production processes at short notice and with good solutions.\\u00a0<\\\/span><\\\/p>\",\"margin\":\"medium\",\"maxwidth\":\"2xlarge\",\"text_align\":\"center\"}}]}]}],\"name\":\"Hero Text\"},{\"type\":\"section\",\"props\":{\"image_position\":\"center-center\",\"padding\":\"xlarge\",\"padding_remove_top\":true,\"style\":\"default\",\"title_breakpoint\":\"xl\",\"title_position\":\"top-left\",\"title_rotation\":\"left\",\"vertical_align\":\"middle\",\"width\":\"default\"},\"children\":[{\"type\":\"row\",\"children\":[{\"type\":\"column\",\"props\":{\"image_position\":\"center-center\",\"position_sticky_breakpoint\":\"m\"},\"children\":[{\"name\":\"Grid Panel Style Card\",\"type\":\"grid\",\"children\":[{\"type\":\"grid_item\",\"props\":{\"content\":\"\n\n<p><span class=\\\"NormalTextRun SCXW40776648 BCX8\\\">Wir unterst\\u00fctzen Sie<span>\\u00a0<\\\/span><\\\/span><span class=\\\"NormalTextRun SCXW40776648 BCX8\\\">bei der Gestaltung einer effizienten Arbeitsumgebung<\\\/span><span class=\\\"NormalTextRun SCXW40776648 BCX8\\\"><span>\\u00a0<\\\/span>mit individuell<span>\\u00a0<\\\/span><\\\/span><span class=\\\"NormalTextRun SCXW40776648 BCX8\\\">auf Ihre Zwecke zugeschnittene L\\u00f6sungen.<\\\/span><\\\/p>\",\"image\":\"wp-content\\\/uploads\\\/2022\\\/08\\\/SSG-Juli-2022-80-scaled.jpg\",\"image_alt\":\"Mitarbeiter der Symacon bei der Arbeit\",\"link\":\"en\\\/unternehmen\\\/ueber-uns\\\/\",\"meta\":\"Aluminiumprofile und Verbindungselemente f\\u00fcr jedes System\",\"title\":\"About us\"}},{\"type\":\"grid_item\",\"props\":{\"content\":\"\n\n<p>Sie greifen auf jahrzehntelange Erfahrung bei der Verkettung von Arbeitspl\\u00e4tzen, Stationen mit Transfer- und F\\u00f6rdersysteme von BOSCH Rexroth zur\\u00fcck.\\u00a0<\\\/p>\\n\n\n<p>Transfersystem: TS1, TS2plus, TS5,\\u00a0TS7<br \\\/>Kettenf\\u00f6rdersystem VarioFlow plus<\\\/p>\",\"image\":\"wp-content\\\/uploads\\\/2022\\\/08\\\/SSG-Juli-2022-18-scaled.jpg\",\"image_alt\":\"Profilbild eines Mannes\",\"link\":\"en\\\/ansprechpartner\\\/\",\"meta\":\"F\\u00f6rdersysteme und Transfertechnik\",\"title\":\"Contact persons\"}},{\"type\":\"grid_item\",\"props\":{\"content\":\"\",\"image\":\"wp-content\\\/uploads\\\/photo-1555371363-27a37f8e8c46-scaled.jpg\",\"image_alt\":\"Ein Laptop mit Kartenansicht\",\"link\":\"en\\\/unternehmen\\\/anfahrt\\\/\",\"meta\":\"\",\"title\":\"How to find us\"}},{\"type\":\"grid_item\",\"props\":{\"content\":\"\",\"image\":\"wp-content\\\/uploads\\\/2022\\\/10\\\/SSG-September-2022-143-scaled.jpg\",\"image_alt\":\"Ein SSG Mitarbeiter bl\\u00e4ttert durch ein Buch\",\"link\":\"en\\\/karriere\\\/\",\"title\":\"Career\"}},{\"type\":\"grid_item\",\"props\":{\"content\":\"\",\"image\":\"wp-content\\\/uploads\\\/photo-1544725121-be3bf52e2dc8-scaled.jpg\",\"image_alt\":\"Zwei M\\u00e4nner im Gespr\\u00e4ch\",\"link\":\"en\\\/unternehmen\\\/referenzen\\\/\",\"title\":\"Partners & References\"}}],\"props\":{\"content_column_breakpoint\":\"m\",\"content_margin\":\"small\",\"filter_align\":\"left\",\"filter_all\":true,\"filter_grid_breakpoint\":\"m\",\"filter_grid_width\":\"auto\",\"filter_position\":\"top\",\"filter_style\":\"tab\",\"grid_column_align\":true,\"grid_default\":\"1\",\"grid_medium\":\"3\",\"grid_small\":\"2\",\"icon_width\":80,\"image_align\":\"between\",\"image_grid_breakpoint\":\"m\",\"image_grid_width\":\"1-2\",\"image_height\":\"300\",\"image_link\":true,\"image_svg_color\":\"emphasis\",\"image_transition\":\"scale-down\",\"image_width\":\"450\",\"item_animation\":true,\"link_style\":\"text\",\"link_text\":\"\",\"margin\":\"remove-vertical\",\"meta_align\":\"above-title\",\"meta_element\":\"div\",\"meta_style\":\"text-meta\",\"panel_image_no_padding\":true,\"panel_link\":false,\"panel_padding\":\"small\",\"panel_style\":\"card-default\",\"parallax_easing\":\"1\",\"show_content\":false,\"show_image\":true,\"show_link\":true,\"show_meta\":false,\"show_title\":true,\"text_align\":\"center\",\"title_align\":\"top\",\"title_element\":\"h2\",\"title_grid_breakpoint\":\"m\",\"title_grid_width\":\"1-2\",\"title_hover_style\":\"heading\",\"title_link\":true,\"title_margin\":\"small\",\"title_style\":\"h3\"}}]}]}],\"name\":\"Grid Landingpage\"}],\"version\":\"4.0.6\"} --><\/p>\n","protected":false},"excerpt":{"rendered":"<p>Company Symacon System + Service GmbH is a reliable partner for the development of special solutions in the field of mechanical engineering, automation, and logistics. As a Certified Excellence distribution, system and service partner of Bosch Rexroth Factory Automation, we can support our customers in optimizing production processes at short notice and with good solutions.\u00a0 [&hellip;]<\/p>\n","protected":false},"author":3,"featured_media":0,"parent":0,"menu_order":0,"comment_status":"closed","ping_status":"closed","template":"","meta":{"footnotes":""},"class_list":["post-2653","page","type-page","status-publish","hentry"],"yoast_head":"<!-- This site is optimized with the Yoast SEO plugin v27.2 - https:\/\/yoast.com\/product\/yoast-seo-wordpress\/ -->\n<title>Company - SSG<\/title>\n<meta name=\"description\" content=\"Symacon System + Service GmbH is a reliable partner for the development of special solutions in the field of mechanical engineering, automation, and logistics.\" \/>\n<meta name=\"robots\" content=\"noindex, follow, max-snippet:-1, max-image-preview:large, max-video-preview:-1\" \/>\n<meta property=\"og:locale\" content=\"en_US\" \/>\n<meta property=\"og:type\" content=\"article\" \/>\n<meta property=\"og:title\" content=\"Company - SSG\" \/>\n<meta property=\"og:description\" content=\"Symacon System + Service GmbH is a reliable partner for the development of special solutions in the field of mechanical engineering, automation, and logistics.\" \/>\n<meta property=\"og:url\" content=\"https:\/\/stage2023.symacon-ssg.de\/en\/company\/\" \/>\n<meta property=\"og:site_name\" content=\"SSG\" \/>\n<meta property=\"article:publisher\" content=\"https:\/\/www.facebook.com\/Symacon\" \/>\n<meta property=\"article:modified_time\" content=\"2023-08-07T08:58:18+00:00\" \/>\n<meta name=\"twitter:card\" content=\"summary_large_image\" \/>\n<meta name=\"twitter:label1\" content=\"Est. reading time\" \/>\n\t<meta name=\"twitter:data1\" content=\"1 minute\" \/>\n<script type=\"application\/ld+json\" class=\"yoast-schema-graph\">{\"@context\":\"https:\/\/schema.org\",\"@graph\":[{\"@type\":\"WebPage\",\"@id\":\"https:\/\/stage2023.symacon-ssg.de\/en\/company\/\",\"url\":\"https:\/\/stage2023.symacon-ssg.de\/en\/company\/\",\"name\":\"Company - SSG\",\"isPartOf\":{\"@id\":\"https:\/\/stage2023.symacon-ssg.de\/#website\"},\"datePublished\":\"2022-08-18T11:38:08+00:00\",\"dateModified\":\"2023-08-07T08:58:18+00:00\",\"description\":\"Symacon System + Service GmbH is a reliable partner for the development of special solutions in the field of mechanical engineering, automation, and logistics.\",\"breadcrumb\":{\"@id\":\"https:\/\/stage2023.symacon-ssg.de\/en\/company\/#breadcrumb\"},\"inLanguage\":\"en-US\",\"potentialAction\":[{\"@type\":\"ReadAction\",\"target\":[\"https:\/\/stage2023.symacon-ssg.de\/en\/company\/\"]}]},{\"@type\":\"BreadcrumbList\",\"@id\":\"https:\/\/stage2023.symacon-ssg.de\/en\/company\/#breadcrumb\",\"itemListElement\":[{\"@type\":\"ListItem\",\"position\":1,\"name\":\"Startseite\",\"item\":\"https:\/\/stage2023.symacon-ssg.de\/en\/\"},{\"@type\":\"ListItem\",\"position\":2,\"name\":\"Company\"}]},{\"@type\":\"WebSite\",\"@id\":\"https:\/\/stage2023.symacon-ssg.de\/#website\",\"url\":\"https:\/\/stage2023.symacon-ssg.de\/\",\"name\":\"SYMACON SSG\",\"description\":\"Willkommen auf der Website der SSG\",\"publisher\":{\"@id\":\"https:\/\/stage2023.symacon-ssg.de\/#organization\"},\"potentialAction\":[{\"@type\":\"SearchAction\",\"target\":{\"@type\":\"EntryPoint\",\"urlTemplate\":\"https:\/\/stage2023.symacon-ssg.de\/?s={search_term_string}\"},\"query-input\":{\"@type\":\"PropertyValueSpecification\",\"valueRequired\":true,\"valueName\":\"search_term_string\"}}],\"inLanguage\":\"en-US\"},{\"@type\":\"Organization\",\"@id\":\"https:\/\/stage2023.symacon-ssg.de\/#organization\",\"name\":\"SYMACON System + Service GmbH\",\"url\":\"https:\/\/stage2023.symacon-ssg.de\/\",\"logo\":{\"@type\":\"ImageObject\",\"inLanguage\":\"en-US\",\"@id\":\"https:\/\/stage2023.symacon-ssg.de\/#\/schema\/logo\/image\/\",\"url\":\"https:\/\/stage2023.symacon-ssg.de\/wp-content\/uploads\/2022\/08\/logo-ssg-symacon.png\",\"contentUrl\":\"https:\/\/stage2023.symacon-ssg.de\/wp-content\/uploads\/2022\/08\/logo-ssg-symacon.png\",\"width\":804,\"height\":451,\"caption\":\"SYMACON System + Service GmbH\"},\"image\":{\"@id\":\"https:\/\/stage2023.symacon-ssg.de\/#\/schema\/logo\/image\/\"},\"sameAs\":[\"https:\/\/www.facebook.com\/Symacon\"]}]}<\/script>\n<!-- \/ Yoast SEO plugin. -->","yoast_head_json":{"title":"Company - SSG","description":"Symacon System + Service GmbH is a reliable partner for the development of special solutions in the field of mechanical engineering, automation, and logistics.","robots":{"index":"noindex","follow":"follow","max-snippet":"max-snippet:-1","max-image-preview":"max-image-preview:large","max-video-preview":"max-video-preview:-1"},"og_locale":"en_US","og_type":"article","og_title":"Company - SSG","og_description":"Symacon System + Service GmbH is a reliable partner for the development of special solutions in the field of mechanical engineering, automation, and logistics.","og_url":"https:\/\/stage2023.symacon-ssg.de\/en\/company\/","og_site_name":"SSG","article_publisher":"https:\/\/www.facebook.com\/Symacon","article_modified_time":"2023-08-07T08:58:18+00:00","twitter_card":"summary_large_image","twitter_misc":{"Est. reading time":"1 minute"},"schema":{"@context":"https:\/\/schema.org","@graph":[{"@type":"WebPage","@id":"https:\/\/stage2023.symacon-ssg.de\/en\/company\/","url":"https:\/\/stage2023.symacon-ssg.de\/en\/company\/","name":"Company - SSG","isPartOf":{"@id":"https:\/\/stage2023.symacon-ssg.de\/#website"},"datePublished":"2022-08-18T11:38:08+00:00","dateModified":"2023-08-07T08:58:18+00:00","description":"Symacon System + Service GmbH is a reliable partner for the development of special solutions in the field of mechanical engineering, automation, and logistics.","breadcrumb":{"@id":"https:\/\/stage2023.symacon-ssg.de\/en\/company\/#breadcrumb"},"inLanguage":"en-US","potentialAction":[{"@type":"ReadAction","target":["https:\/\/stage2023.symacon-ssg.de\/en\/company\/"]}]},{"@type":"BreadcrumbList","@id":"https:\/\/stage2023.symacon-ssg.de\/en\/company\/#breadcrumb","itemListElement":[{"@type":"ListItem","position":1,"name":"Startseite","item":"https:\/\/stage2023.symacon-ssg.de\/en\/"},{"@type":"ListItem","position":2,"name":"Company"}]},{"@type":"WebSite","@id":"https:\/\/stage2023.symacon-ssg.de\/#website","url":"https:\/\/stage2023.symacon-ssg.de\/","name":"SYMACON SSG","description":"Willkommen auf der Website der SSG","publisher":{"@id":"https:\/\/stage2023.symacon-ssg.de\/#organization"},"potentialAction":[{"@type":"SearchAction","target":{"@type":"EntryPoint","urlTemplate":"https:\/\/stage2023.symacon-ssg.de\/?s={search_term_string}"},"query-input":{"@type":"PropertyValueSpecification","valueRequired":true,"valueName":"search_term_string"}}],"inLanguage":"en-US"},{"@type":"Organization","@id":"https:\/\/stage2023.symacon-ssg.de\/#organization","name":"SYMACON System + Service GmbH","url":"https:\/\/stage2023.symacon-ssg.de\/","logo":{"@type":"ImageObject","inLanguage":"en-US","@id":"https:\/\/stage2023.symacon-ssg.de\/#\/schema\/logo\/image\/","url":"https:\/\/stage2023.symacon-ssg.de\/wp-content\/uploads\/2022\/08\/logo-ssg-symacon.png","contentUrl":"https:\/\/stage2023.symacon-ssg.de\/wp-content\/uploads\/2022\/08\/logo-ssg-symacon.png","width":804,"height":451,"caption":"SYMACON System + Service GmbH"},"image":{"@id":"https:\/\/stage2023.symacon-ssg.de\/#\/schema\/logo\/image\/"},"sameAs":["https:\/\/www.facebook.com\/Symacon"]}]}},"_links":{"self":[{"href":"https:\/\/stage2023.symacon-ssg.de\/en\/wp-json\/wp\/v2\/pages\/2653","targetHints":{"allow":["GET"]}}],"collection":[{"href":"https:\/\/stage2023.symacon-ssg.de\/en\/wp-json\/wp\/v2\/pages"}],"about":[{"href":"https:\/\/stage2023.symacon-ssg.de\/en\/wp-json\/wp\/v2\/types\/page"}],"author":[{"embeddable":true,"href":"https:\/\/stage2023.symacon-ssg.de\/en\/wp-json\/wp\/v2\/users\/3"}],"replies":[{"embeddable":true,"href":"https:\/\/stage2023.symacon-ssg.de\/en\/wp-json\/wp\/v2\/comments?post=2653"}],"version-history":[{"count":3,"href":"https:\/\/stage2023.symacon-ssg.de\/en\/wp-json\/wp\/v2\/pages\/2653\/revisions"}],"predecessor-version":[{"id":2846,"href":"https:\/\/stage2023.symacon-ssg.de\/en\/wp-json\/wp\/v2\/pages\/2653\/revisions\/2846"}],"wp:attachment":[{"href":"https:\/\/stage2023.symacon-ssg.de\/en\/wp-json\/wp\/v2\/media?parent=2653"}],"curies":[{"name":"wp","href":"https:\/\/api.w.org\/{rel}","templated":true}]}}